{"id":3,"date":"2022-07-12T14:35:13","date_gmt":"2022-07-12T14:35:13","guid":{"rendered":"https:\/\/imcfuni.it\/?page_id=3"},"modified":"2022-09-05T13:12:41","modified_gmt":"2022-09-05T13:12:41","slug":"privacy-policy","status":"publish","type":"page","link":"https:\/\/imcfuni.it\/index.php\/privacy-policy\/","title":{"rendered":"Privacy Policy"},"content":{"rendered":"\n<h2 class=\"wp-block-heading\">Chi siamo<\/h2>\n\n\n\n<p><strong class=\"privacy-policy-tutorial\">International Manufacturing Company srl<br>C.da Morrice n\u00b0 1 - 63079<br>Colli del Tronto (AP)<br>Tel 0736 899879 - 0736 524098<\/strong><br><strong>url:<\/strong> <strong class=\"privacy-policy-tutorial\">www.imcfuni.it<\/strong><br><strong class=\"privacy-policy-tutorial\">e-mail: cavi.imc@libero.it<br>P.iva 01515580445 - SDI: WY7PJ6K<br>PEC: cavi.imc@pec.it<\/strong><\/p>\n\n\n\n<h2 class=\"wp-block-heading\">Tipologie di Dati raccolti<\/h2>\n\n\n\n<p>Fra i Dati Personali raccolti da questo Sito Web, in modo autonomo o tramite terze parti, ci sono: Cookie; Dati di utilizzo; Nome; Cognome; numero di telefono (facoltativo); email, i dati vengono raccolti, esclusi i Cookie, solo ed esclusivamente nel momento in cui l'utente compila ed invia il Form mail di contatto e vengono utilizzati solo ed esclusivamente per rispondere alla\/e richiesta\/e inviate e per, in seguito a spunta di assenso, inviare successivamente informazioni e notizie utili sui prodotti. I dati raccolti NON vengono ceduti a nessun soggetto terzo, se non rischiesto esplicitamente dal richiedente e solo ed esclusivamente per finalit\u00e0 inerenti le necessit\u00e0 e le richieste dello stesso.<\/p>\n\n\n\n<p>I Dati Personali possono essere liberamente forniti dall'Utente o, nel caso di Dati di Utilizzo, raccolti automaticamente durante l'uso di questo Sito Web.<br>Se non diversamente specificato, tutti i Dati richiesti da questo Sito Web sono obbligatori. Se l\u2019Utente rifiuta di comunicarli, potrebbe essere impossibile per questo Sito Web fornire il Servizio. Nei casi in cui questo Sito Web indichi alcuni Dati come facoltativi, gli Utenti sono liberi di astenersi dal comunicare tali Dati, senza che ci\u00f2 abbia alcuna conseguenza sulla disponibilit\u00e0 del Servizio o sulla sua operativit\u00e0.<br>Gli Utenti che dovessero avere dubbi su quali Dati siano obbligatori, sono incoraggiati a contattare il Titolare.<br>L\u2019eventuale utilizzo di Cookie - o di altri strumenti di tracciamento - da parte di questo Sito Web o dei titolari dei servizi terzi utilizzati da questo Sito Web, ove non diversamente precisato, ha la finalit\u00e0 di fornire il Servizio richiesto dall'Utente, oltre alle ulteriori finalit\u00e0 descritte nel presente documento e nella Cookie Policy, se disponibile.<\/p>\n\n\n\n<p>L'Utente si assume la responsabilit\u00e0 dei Dati Personali di terzi ottenuti, pubblicati o condivisi mediante questo Sito Web e garantisce di avere il diritto di comunicarli o diffonderli, liberando il Titolare da qualsiasi responsabilit\u00e0 verso terzi.<\/p>\n\n\n\n<h2 class=\"wp-block-heading\">Commenti<\/h2>\n\n\n\n<p>Il nostro sito www.imcfuni.it NON consente ai visitatori di rilasciare commenti di alcun genere.<\/p>\n\n\n\n<h2 class=\"wp-block-heading\">Cookies<\/h2>\n\n\n\n<h3 class=\"wp-block-heading\">Attivit\u00e0 strettamente necessarie a garantire il funzionamento di questo Sito Web e la fornitura del Servizio<\/h3>\n\n\n\n<p>Questo Sito Web utilizza Cookie comunemente detti \u201ctecnici\u201d o altri Strumenti di Tracciamento analoghi per svolgere attivit\u00e0 strettamente necessarie a garantire il funzionamento o la fornitura del Servizio.<\/p>\n\n\n\n<p><strong class=\"privacy-policy-tutorial\"> <\/strong>IIl sito imcfuni.it NON raccoglie dati di profilazione e non utilizza cookies strutturati.<\/p>\n\n\n\n<p>If you visit our login page, we will set a temporary cookie to determine if your browser accepts cookies. This cookie contains no personal data and is discarded when you close your browser.<\/p>\n\n\n\n<p>When you log in, we will also set up several cookies to save your login information and your screen display choices. Login cookies last for two days, and screen options cookies last for a year. If you select \"Remember Me\", your login will persist for two weeks. If you log out of your account, the login cookies will be removed.<\/p>\n\n\n\n<p>If you edit or publish an article, an additional cookie will be saved in your browser. This cookie includes no personal data and simply indicates the post ID of the article you just edited. It expires after 1 day.<\/p>\n\n\n\n<h2 class=\"wp-block-heading\">Embedded content from other websites<\/h2>\n\n\n\n<p><strong class=\"privacy-policy-tutorial\">Suggested text: <\/strong>Articles on this site may include embedded content (e.g. videos, images, articles, etc.). Embedded content from other websites behaves in the exact same way as if the visitor has visited the other website.<\/p>\n\n\n\n<p>These websites may collect data about you, use cookies, embed additional third-party tracking, and monitor your interaction with that embedded content, including tracking your interaction with the embedded content if you have an account and are logged in to that website.<\/p>\n\n\n\n<h2 class=\"wp-block-heading\">Who we share your data with<\/h2>\n\n\n\n<p><strong class=\"privacy-policy-tutorial\">Suggested text: <\/strong>If you request a password reset, your IP address will be included in the reset email.<\/p>\n\n\n\n<h2 class=\"wp-block-heading\">How long we retain your data<\/h2>\n\n\n\n<p><strong class=\"privacy-policy-tutorial\">Suggested text: <\/strong>If you leave a comment, the comment and its metadata are retained indefinitely. This is so we can recognize and approve any follow-up comments automatically instead of holding them in a moderation queue.<\/p>\n\n\n\n<p>For users that register on our website (if any), we also store the personal information they provide in their user profile. All users can see, edit, or delete their personal information at any time (except they cannot change their username). Website administrators can also see and edit that information.<\/p>\n\n\n\n<h2 class=\"wp-block-heading\">What rights you have over your data<\/h2>\n\n\n\n<p><strong class=\"privacy-policy-tutorial\">Suggested text: <\/strong>If you have an account on this site, or have left comments, you can request to receive an exported file of the personal data we hold about you, including any data you have provided to us. You can also request that we erase any personal data we hold about you. This does not include any data we are obliged to keep for administrative, legal, or security purposes.<\/p>\n\n\n\n<h2 class=\"wp-block-heading\">Where your data is sent<\/h2>\n\n\n\n<p><strong class=\"privacy-policy-tutorial\">Suggested text: <\/strong>Visitor comments may be checked through an automated spam detection service.<\/p>\n","protected":false},"excerpt":{"rendered":"<p>Chi siamo International Manufacturing Company srlC.da Morrice n\u00b0 1 - 63079Colli del Tronto (AP)Tel 0736 899879 - 0736 524098url: www.imcfuni.ite-mail: cavi.imc@libero.itP.iva 01515580445 - SDI: WY7PJ6KPEC: cavi.imc@pec.it Tipologie di Dati raccolti Fra i Dati Personali raccolti da questo Sito Web, in modo autonomo o tramite terze parti, ci sono: Cookie; Dati di utilizzo; Nome; Cognome; numero [&hellip;]<\/p>\n","protected":false},"author":1,"featured_media":0,"parent":0,"menu_order":0,"comment_status":"closed","ping_status":"open","template":"","meta":{"_lightning_design_setting":{"layout":"default"},"footnotes":""},"class_list":["post-3","page","type-page","status-publish","hentry"],"_links":{"self":[{"href":"https:\/\/imcfuni.it\/index.php\/wp-json\/wp\/v2\/pages\/3","targetHints":{"allow":["GET"]}}],"collection":[{"href":"https:\/\/imcfuni.it\/index.php\/wp-json\/wp\/v2\/pages"}],"about":[{"href":"https:\/\/imcfuni.it\/index.php\/wp-json\/wp\/v2\/types\/page"}],"author":[{"embeddable":true,"href":"https:\/\/imcfuni.it\/index.php\/wp-json\/wp\/v2\/users\/1"}],"replies":[{"embeddable":true,"href":"https:\/\/imcfuni.it\/index.php\/wp-json\/wp\/v2\/comments?post=3"}],"version-history":[{"count":4,"href":"https:\/\/imcfuni.it\/index.php\/wp-json\/wp\/v2\/pages\/3\/revisions"}],"predecessor-version":[{"id":307,"href":"https:\/\/imcfuni.it\/index.php\/wp-json\/wp\/v2\/pages\/3\/revisions\/307"}],"wp:attachment":[{"href":"https:\/\/imcfuni.it\/index.php\/wp-json\/wp\/v2\/media?parent=3"}],"curies":[{"name":"wp","href":"https:\/\/api.w.org\/{rel}","templated":true}]}}